{"id":115,"date":"2026-03-04T14:12:13","date_gmt":"2026-03-04T17:12:13","guid":{"rendered":"http:\/\/adefav.org.br\/index.php\/sobre\/"},"modified":"2026-03-04T14:12:13","modified_gmt":"2026-03-04T17:12:13","slug":"sobre","status":"publish","type":"page","link":"http:\/\/adefav.org.br\/index.php\/sobre\/","title":{"rendered":"Sobre o Instituto"},"content":{"rendered":"<h2>Quem somos<\/h2>\n<p>O Instituto ADEFAV \u00e9 uma organiza\u00e7\u00e3o da sociedade civil, sem fins lucrativos, fundada em 1983, com atua\u00e7\u00e3o integrada em <strong>Educa\u00e7\u00e3o<\/strong>, <strong>Sa\u00fade<\/strong>, <strong>Assist\u00eancia Social<\/strong> e <strong>Forma\u00e7\u00e3o \/ Centro de Recursos<\/strong>.<\/p>\n<p>Com sede pr\u00f3pria desde 2002 no bairro do Ipiranga (S\u00e3o Paulo\/SP), o Instituto oferece um ambiente acess\u00edvel e estruturado para atender crian\u00e7as, adolescentes, jovens e adultos com defici\u00eancia m\u00faltipla sensorial, surdocegueira e defici\u00eancia visual.<\/p>\n<h2>Nossa miss\u00e3o<\/h2>\n<p>Promover inclus\u00e3o, reabilita\u00e7\u00e3o e garantia de direitos da pessoa com defici\u00eancia, com atendimento humanizado, qualificado e comprometido com a inclus\u00e3o real.<\/p>\n<h2>P\u00fablico atendido<\/h2>\n<ul>\n<li>Defici\u00eancia M\u00faltipla Sensorial (auditiva e visual)<\/li>\n<li>Surdocegueira cong\u00eanita e adquirida<\/li>\n<li>Defici\u00eancia visual<\/li>\n<li>Tamb\u00e9m atende estudantes com defici\u00eancia f\u00edsica, intelectual, auditiva, TEA\/TGD e altas habilidades\/superdota\u00e7\u00e3o<\/li>\n<\/ul>\n<h2>Atua\u00e7\u00e3o nacional e internacional<\/h2>\n<p>O Instituto desenvolve forma\u00e7\u00f5es, assessorias t\u00e9cnicas e coopera\u00e7\u00e3o com parceiros nacionais e internacionais, contribuindo com a implanta\u00e7\u00e3o e fortalecimento de servi\u00e7os em diferentes regi\u00f5es.<\/p>\n","protected":false},"excerpt":{"rendered":"<p>Quem somos O Instituto ADEFAV \u00e9 uma organiza\u00e7\u00e3o da sociedade civil, sem fins lucrativos, fundada em 1983, com atua\u00e7\u00e3o integrada em Educa\u00e7\u00e3o, Sa\u00fade, Assist\u00eancia Social e Forma\u00e7\u00e3o \/ Centro de Recursos. Com sede pr\u00f3pria desde 2002 no bairro do Ipiranga (S\u00e3o Paulo\/SP), o Instituto oferece um ambiente acess\u00edvel e estruturado para atender crian\u00e7as, adolescentes, jovens [&hellip;]<\/p>\n","protected":false},"author":1,"featured_media":0,"parent":0,"menu_order":0,"comment_status":"closed","ping_status":"closed","template":"","meta":{"_vp_format_video_url":"","_vp_image_focal_point":[],"footnotes":""},"class_list":["post-115","page","type-page","status-publish","hentry"],"_links":{"self":[{"href":"http:\/\/adefav.org.br\/index.php\/wp-json\/wp\/v2\/pages\/115","targetHints":{"allow":["GET"]}}],"collection":[{"href":"http:\/\/adefav.org.br\/index.php\/wp-json\/wp\/v2\/pages"}],"about":[{"href":"http:\/\/adefav.org.br\/index.php\/wp-json\/wp\/v2\/types\/page"}],"author":[{"embeddable":true,"href":"http:\/\/adefav.org.br\/index.php\/wp-json\/wp\/v2\/users\/1"}],"replies":[{"embeddable":true,"href":"http:\/\/adefav.org.br\/index.php\/wp-json\/wp\/v2\/comments?post=115"}],"version-history":[{"count":0,"href":"http:\/\/adefav.org.br\/index.php\/wp-json\/wp\/v2\/pages\/115\/revisions"}],"wp:attachment":[{"href":"http:\/\/adefav.org.br\/index.php\/wp-json\/wp\/v2\/media?parent=115"}],"curies":[{"name":"wp","href":"https:\/\/api.w.org\/{rel}","templated":true}]}}