{"id":118,"date":"2026-03-04T14:12:13","date_gmt":"2026-03-04T17:12:13","guid":{"rendered":"http:\/\/adefav.org.br\/index.php\/assistencia-social\/"},"modified":"2026-03-04T14:12:13","modified_gmt":"2026-03-04T17:12:13","slug":"assistencia-social","status":"publish","type":"page","link":"http:\/\/adefav.org.br\/index.php\/assistencia-social\/","title":{"rendered":"Assist\u00eancia Social"},"content":{"rendered":"<h2>Assist\u00eancia Social<\/h2>\n<p>Servi\u00e7os socioassistenciais estruturados para acolhimento, orienta\u00e7\u00e3o e fortalecimento familiar.<\/p>\n<h3>Prote\u00e7\u00e3o Social B\u00e1sica<\/h3>\n<ul>\n<li>PAIF \u2013 Servi\u00e7o de Prote\u00e7\u00e3o e Atendimento Integral \u00e0 Fam\u00edlia<\/li>\n<li>Programa \u201cCaf\u00e9 com Sentidos\u201d \u2013 Grupo de Fam\u00edlias<\/li>\n<li>Grupo de Atendimento Infantil (0 a 3 anos)<\/li>\n<li>Centro de Conviv\u00eancia Social<\/li>\n<li>Orienta\u00e7\u00e3o familiar e estrat\u00e9gias para o lar<\/li>\n<\/ul>\n<p><strong>Objetivo:<\/strong> fortalecer v\u00ednculos, orientar sobre direitos e apoiar a qualidade de vida das fam\u00edlias.<\/p>\n","protected":false},"excerpt":{"rendered":"<p>Assist\u00eancia Social Servi\u00e7os socioassistenciais estruturados para acolhimento, orienta\u00e7\u00e3o e fortalecimento familiar. Prote\u00e7\u00e3o Social B\u00e1sica PAIF \u2013 Servi\u00e7o de Prote\u00e7\u00e3o e Atendimento Integral \u00e0 Fam\u00edlia Programa \u201cCaf\u00e9 com Sentidos\u201d \u2013 Grupo de Fam\u00edlias Grupo de Atendimento Infantil (0 a 3 anos) Centro de Conviv\u00eancia Social Orienta\u00e7\u00e3o familiar e estrat\u00e9gias para o lar Objetivo: fortalecer v\u00ednculos, orientar [&hellip;]<\/p>\n","protected":false},"author":1,"featured_media":0,"parent":0,"menu_order":0,"comment_status":"closed","ping_status":"closed","template":"","meta":{"_vp_format_video_url":"","_vp_image_focal_point":[],"footnotes":""},"class_list":["post-118","page","type-page","status-publish","hentry"],"_links":{"self":[{"href":"http:\/\/adefav.org.br\/index.php\/wp-json\/wp\/v2\/pages\/118","targetHints":{"allow":["GET"]}}],"collection":[{"href":"http:\/\/adefav.org.br\/index.php\/wp-json\/wp\/v2\/pages"}],"about":[{"href":"http:\/\/adefav.org.br\/index.php\/wp-json\/wp\/v2\/types\/page"}],"author":[{"embeddable":true,"href":"http:\/\/adefav.org.br\/index.php\/wp-json\/wp\/v2\/users\/1"}],"replies":[{"embeddable":true,"href":"http:\/\/adefav.org.br\/index.php\/wp-json\/wp\/v2\/comments?post=118"}],"version-history":[{"count":0,"href":"http:\/\/adefav.org.br\/index.php\/wp-json\/wp\/v2\/pages\/118\/revisions"}],"wp:attachment":[{"href":"http:\/\/adefav.org.br\/index.php\/wp-json\/wp\/v2\/media?parent=118"}],"curies":[{"name":"wp","href":"https:\/\/api.w.org\/{rel}","templated":true}]}}