{"id":120,"date":"2026-03-04T14:12:13","date_gmt":"2026-03-04T17:12:13","guid":{"rendered":"http:\/\/adefav.org.br\/index.php\/transparencia\/"},"modified":"2026-03-04T14:12:13","modified_gmt":"2026-03-04T17:12:13","slug":"transparencia","status":"publish","type":"page","link":"http:\/\/adefav.org.br\/index.php\/transparencia\/","title":{"rendered":"Transpar\u00eancia"},"content":{"rendered":"<h2>Transpar\u00eancia e certifica\u00e7\u00f5es<\/h2>\n<p>Gest\u00e3o pautada pela legalidade, transpar\u00eancia, responsabilidade administrativa e compromisso p\u00fablico.<\/p>\n<h3>Natureza jur\u00eddica<\/h3>\n<ul>\n<li>Organiza\u00e7\u00e3o da Sociedade Civil (OSC)<\/li>\n<li>Sem fins lucrativos<\/li>\n<li>CNPJ: 53.498.044\/0001-50<\/li>\n<li>Sede: Rua Clemente Pereira, 286 \u2013 Ipiranga \u2013 S\u00e3o Paulo\/SP<\/li>\n<\/ul>\n<h3>Certifica\u00e7\u00f5es e reconhecimentos<\/h3>\n<ul>\n<li>Utilidade P\u00fablica Estadual: 1559\/2017<\/li>\n<li>Utilidade P\u00fablica Municipal: 28.076\/89<\/li>\n<li>COMAS: 678\/2012<\/li>\n<li>CMDCA: 0668\/97<\/li>\n<li>CEBAS: 28996.021550\/1994-51<\/li>\n<li>CNES: 6099955<\/li>\n<\/ul>\n<h3>Governan\u00e7a<\/h3>\n<p>Diretoria Executiva, Conselho Fiscal, equipe t\u00e9cnica multidisciplinar e assessoria cont\u00e1bil e jur\u00eddica, com pr\u00e1ticas de responsabilidade fiscal e monitoramento de impacto social.<\/p>\n","protected":false},"excerpt":{"rendered":"<p>Transpar\u00eancia e certifica\u00e7\u00f5es Gest\u00e3o pautada pela legalidade, transpar\u00eancia, responsabilidade administrativa e compromisso p\u00fablico. Natureza jur\u00eddica Organiza\u00e7\u00e3o da Sociedade Civil (OSC) Sem fins lucrativos CNPJ: 53.498.044\/0001-50 Sede: Rua Clemente Pereira, 286 \u2013 Ipiranga \u2013 S\u00e3o Paulo\/SP Certifica\u00e7\u00f5es e reconhecimentos Utilidade P\u00fablica Estadual: 1559\/2017 Utilidade P\u00fablica Municipal: 28.076\/89 COMAS: 678\/2012 CMDCA: 0668\/97 CEBAS: 28996.021550\/1994-51 CNES: 6099955 Governan\u00e7a [&hellip;]<\/p>\n","protected":false},"author":1,"featured_media":0,"parent":0,"menu_order":0,"comment_status":"closed","ping_status":"closed","template":"","meta":{"_vp_format_video_url":"","_vp_image_focal_point":[],"footnotes":""},"class_list":["post-120","page","type-page","status-publish","hentry"],"_links":{"self":[{"href":"http:\/\/adefav.org.br\/index.php\/wp-json\/wp\/v2\/pages\/120","targetHints":{"allow":["GET"]}}],"collection":[{"href":"http:\/\/adefav.org.br\/index.php\/wp-json\/wp\/v2\/pages"}],"about":[{"href":"http:\/\/adefav.org.br\/index.php\/wp-json\/wp\/v2\/types\/page"}],"author":[{"embeddable":true,"href":"http:\/\/adefav.org.br\/index.php\/wp-json\/wp\/v2\/users\/1"}],"replies":[{"embeddable":true,"href":"http:\/\/adefav.org.br\/index.php\/wp-json\/wp\/v2\/comments?post=120"}],"version-history":[{"count":0,"href":"http:\/\/adefav.org.br\/index.php\/wp-json\/wp\/v2\/pages\/120\/revisions"}],"wp:attachment":[{"href":"http:\/\/adefav.org.br\/index.php\/wp-json\/wp\/v2\/media?parent=120"}],"curies":[{"name":"wp","href":"https:\/\/api.w.org\/{rel}","templated":true}]}}