{"id":132,"date":"2026-03-04T14:35:28","date_gmt":"2026-03-04T17:35:28","guid":{"rendered":"http:\/\/adefav.org.br\/?page_id=132"},"modified":"2026-03-04T14:35:28","modified_gmt":"2026-03-04T17:35:28","slug":"programa-de-inclusao","status":"publish","type":"page","link":"http:\/\/adefav.org.br\/index.php\/programa-de-inclusao\/","title":{"rendered":"Programa de Inclus\u00e3o"},"content":{"rendered":"\n<p>O Programa de Desenvolvimento e Inclus\u00e3o ADEFAV \u00e9 um contraturno especializado para estudantes com defici\u00eancia.<\/p>\n\n\n\n<p>O programa oferece:<\/p>\n\n\n\n<ul class=\"wp-block-list\">\n<li>Atendimento individualizado<\/li>\n\n\n\n<li>Plano de Desenvolvimento Individual (PDI)<\/li>\n\n\n\n<li>Metodologia estruturada<\/li>\n\n\n\n<li>Relat\u00f3rios peri\u00f3dicos para as fam\u00edlias<\/li>\n<\/ul>\n\n\n\n<p>Modalidades:<\/p>\n\n\n\n<p>Essencial \u2013 2 vezes por semana<br>Desenvolvimento \u2013 3 vezes por semana<br>Intensivo \u2013 5 vezes por semana<\/p>\n\n\n\n<p>Cada matr\u00edcula fortalece a inclus\u00e3o e contribui para o atendimento de outras crian\u00e7as.<\/p>\n","protected":false},"excerpt":{"rendered":"<p>O Programa de Desenvolvimento e Inclus\u00e3o ADEFAV \u00e9 um contraturno especializado para estudantes com defici\u00eancia. O programa oferece: Modalidades: Essencial \u2013 2 vezes por semanaDesenvolvimento \u2013 3 vezes por semanaIntensivo \u2013 5 vezes por semana Cada matr\u00edcula fortalece a inclus\u00e3o e contribui para o atendimento de outras crian\u00e7as.<\/p>\n","protected":false},"author":1,"featured_media":0,"parent":0,"menu_order":0,"comment_status":"closed","ping_status":"closed","template":"","meta":{"_vp_format_video_url":"","_vp_image_focal_point":[],"footnotes":""},"class_list":["post-132","page","type-page","status-publish","hentry"],"_links":{"self":[{"href":"http:\/\/adefav.org.br\/index.php\/wp-json\/wp\/v2\/pages\/132","targetHints":{"allow":["GET"]}}],"collection":[{"href":"http:\/\/adefav.org.br\/index.php\/wp-json\/wp\/v2\/pages"}],"about":[{"href":"http:\/\/adefav.org.br\/index.php\/wp-json\/wp\/v2\/types\/page"}],"author":[{"embeddable":true,"href":"http:\/\/adefav.org.br\/index.php\/wp-json\/wp\/v2\/users\/1"}],"replies":[{"embeddable":true,"href":"http:\/\/adefav.org.br\/index.php\/wp-json\/wp\/v2\/comments?post=132"}],"version-history":[{"count":1,"href":"http:\/\/adefav.org.br\/index.php\/wp-json\/wp\/v2\/pages\/132\/revisions"}],"predecessor-version":[{"id":133,"href":"http:\/\/adefav.org.br\/index.php\/wp-json\/wp\/v2\/pages\/132\/revisions\/133"}],"wp:attachment":[{"href":"http:\/\/adefav.org.br\/index.php\/wp-json\/wp\/v2\/media?parent=132"}],"curies":[{"name":"wp","href":"https:\/\/api.w.org\/{rel}","templated":true}]}}